{"id":1784,"date":"2023-03-28T14:07:11","date_gmt":"2023-03-28T12:07:11","guid":{"rendered":"http:\/\/www.hungary4all.com\/?page_id=1784"},"modified":"2023-03-28T14:07:11","modified_gmt":"2023-03-28T12:07:11","slug":"kontakt-ueber-uns","status":"publish","type":"page","link":"http:\/\/www.hungary4all.com\/?page_id=1784&lang=de","title":{"rendered":"Kontakt \/ \u00dcber uns"},"content":{"rendered":"<p><strong>Hungary4All<\/strong><br \/>\nAktivurlaub &amp; Studienreisen<\/p>\n<p>Hungary4All organisiert spezielle Ausfl\u00fcge in ganz Ungarn \u2013 sowohl Studienreisen als auch Urlaubsreisen. Alle unsere Touren sind so organisiert, dass sie f\u00fcr jedermann zug\u00e4nglich sind \u2013 einschlie\u00dflich Rollstuhlfahrer.<\/p>\n<p>Nat\u00fcrlich haben wir alle unsere Partnerhotels, Unterk\u00fcnfte, Restaurants und Sehensw\u00fcrdigkeiten selbst \u2013 nach Barrierefreiheit \u2013 getestet , diese nach internationalen Standards ausgewertet und beschrieben. Wir bieten Unterkunft f\u00fcr (fast) jeden Geldbeutel \u2013 von Apartments bis zu den 5-Sterne-Hotels.<\/p>\n<p>Hungary4All organisiert Ausfl\u00fcge f\u00fcr Familien und auch f\u00fcr gr\u00f6\u00dfere Gruppen. Sie k\u00f6nnen bei uns entweder nur Unterkunft und Transfer buchen oder aber ein vollst\u00e4ndiges Reisepaket mit Ausfl\u00fcgen, Vollpension und einheimischer F\u00fchrung\/Dolmetscher.<\/p>\n<p>Es ist f\u00fcr uns wichtig, unserer G\u00e4ste den besten Service leisten, bitte kontaktieren Sie uns daher f\u00fcr einen individuelles, ma\u00dfgeschneidertes Angebot!<\/p>\n<p>H-1093 Budapest, L\u00f3nyay utca 24. III\/31.<br \/>\nTlf.: +36 1 780 8123<\/p>\n<p>Deutschsprechende Kontaktperson:<\/p>\n<p><strong>No\u00e9mi Nagy<\/strong><br \/>\nTlf.: +36 20 218 0171<br \/>\nE-mail:\u00a0<a href=\"mailto:nn@skagerrak.hu\">nn@hungary4all.hu<\/a><\/p>\n<div style=\"padding-bottom:20px; padding-top:10px;\" class=\"hupso-share-buttons\"><!-- Hupso Share Buttons - http:\/\/www.hupso.com\/share\/ --><a class=\"hupso_counters\" href=\"http:\/\/www.hupso.com\/share\/\"><img src=\"http:\/\/static.hupso.com\/share\/buttons\/dot.png\" style=\"border:0px; padding-top:2px; float:left;\" alt=\"Share Button\"\/><\/a><script type=\"text\/javascript\">var hupso_services_c=new Array(\"twitter\",\"facebook_like\",\"google\");var hupso_counters_lang = \"en_US\";var hupso_image_folder_url = \"\";var hupso_url_c=\"\";var hupso_title_c=\"Kontakt \/ \u00dcber uns\";<\/script><script type=\"text\/javascript\" src=\"http:\/\/static.hupso.com\/share\/js\/counters.js\"><\/script><!-- Hupso Share Buttons --><\/div>","protected":false},"excerpt":{"rendered":"<p>Hungary4All Aktivurlaub &amp; Studienreisen Hungary4All organisiert spezielle Ausfl\u00fcge in ganz Ungarn \u2013 sowohl Studienreisen als auch Urlaubsreisen. Alle unsere Touren sind so organisiert, dass sie f\u00fcr jedermann zug\u00e4nglich sind \u2013 einschlie\u00dflich Rollstuhlfahrer. Nat\u00fcrlich haben wir alle unsere Partnerhotels, Unterk\u00fcnfte, Restaurants und Sehensw\u00fcrdigkeiten selbst \u2013 nach Barrierefreiheit \u2013 getestet , diese &#8230;<\/p>\n<div style=\"padding-bottom:20px; padding-top:10px;\" class=\"hupso-share-buttons\"><!-- Hupso Share Buttons - http:\/\/www.hupso.com\/share\/ --><a class=\"hupso_counters\" href=\"http:\/\/www.hupso.com\/share\/\"><img src=\"http:\/\/static.hupso.com\/share\/buttons\/dot.png\" style=\"border:0px; padding-top:2px; float:left;\" alt=\"Share Button\"\/><\/a><script type=\"text\/javascript\">var hupso_services_c=new Array(\"twitter\",\"facebook_like\",\"google\");var hupso_counters_lang = \"en_US\";var hupso_image_folder_url = \"\";var hupso_url_c=\"\";var hupso_title_c=\"Kontakt \/ \u00dcber uns\";<\/script><script type=\"text\/javascript\" src=\"http:\/\/static.hupso.com\/share\/js\/counters.js\"><\/script><!-- Hupso Share Buttons --><\/div>","protected":false},"author":1,"featured_media":0,"parent":0,"menu_order":0,"comment_status":"closed","ping_status":"closed","template":"","meta":[],"aioseo_notices":[],"_links":{"self":[{"href":"http:\/\/www.hungary4all.com\/index.php?rest_route=\/wp\/v2\/pages\/1784"}],"collection":[{"href":"http:\/\/www.hungary4all.com\/index.php?rest_route=\/wp\/v2\/pages"}],"about":[{"href":"http:\/\/www.hungary4all.com\/index.php?rest_route=\/wp\/v2\/types\/page"}],"author":[{"embeddable":true,"href":"http:\/\/www.hungary4all.com\/index.php?rest_route=\/wp\/v2\/users\/1"}],"replies":[{"embeddable":true,"href":"http:\/\/www.hungary4all.com\/index.php?rest_route=%2Fwp%2Fv2%2Fcomments&post=1784"}],"version-history":[{"count":1,"href":"http:\/\/www.hungary4all.com\/index.php?rest_route=\/wp\/v2\/pages\/1784\/revisions"}],"predecessor-version":[{"id":1785,"href":"http:\/\/www.hungary4all.com\/index.php?rest_route=\/wp\/v2\/pages\/1784\/revisions\/1785"}],"wp:attachment":[{"href":"http:\/\/www.hungary4all.com\/index.php?rest_route=%2Fwp%2Fv2%2Fmedia&parent=1784"}],"curies":[{"name":"wp","href":"https:\/\/api.w.org\/{rel}","templated":true}]}}