{"id":1786,"date":"2023-03-28T14:08:13","date_gmt":"2023-03-28T12:08:13","guid":{"rendered":"http:\/\/www.hungary4all.com\/?page_id=1786"},"modified":"2023-03-28T14:08:13","modified_gmt":"2023-03-28T12:08:13","slug":"kontakt-om-os","status":"publish","type":"page","link":"http:\/\/www.hungary4all.com\/?page_id=1786&lang=da","title":{"rendered":"Kontakt \/ Om os"},"content":{"rendered":"<p><strong>Hungary4All<\/strong><br \/>\nAktiv oplevelsesferie &amp; faglige studieture<\/p>\n<p>Hungary4All arrangerer temature og studieture i hele Ungarn \u2013 b\u00e5de faglige studieture for alvor og ferieture kun for sjov. Alle vore ture er tilrettelagt s\u00e5dan at de er tilg\u00e6ngelige for alle \u2013 ogs\u00e5 for k\u00f8restolsbrugere.<\/p>\n<p>Vi har naturligvis bes\u00f8gt og testet samtlige af vore partner hoteller, indkvarteringssteder, restauranter og bes\u00f8gsm\u00e5l for tilg\u00e6ngelighed \u2013 og de er vurderet og beskrevet efter internationale standarder. Vi tilbyder indkvartering for (n\u00e6sten) enhver pengepung \u2013 fra feriehuse til 5* luksushoteller.<\/p>\n<p>Hungary4All tilrettel\u00e6gger b\u00e5de ture for familier og for st\u00f8rre grupper. Turene kan bestilles fra det meget individuelle og enkle, hvor man stort set blot bliver transporteret og indkvarteret og man selv klarer resten \u2013 til komplette oplevelsesferier eller studieture med helpension og guide\/tolk til r\u00e5dighed hele vejen igennem.<\/p>\n<p>Det er vigtigt for os at yde den bedste service for vore g\u00e6ster, s\u00e5 kontakt os derfor for et individuelt tilrettelagt tilbud!<\/p>\n<p>H-1093 Budapest, L\u00f3nyay utca 24. III\/31.<br \/>\nTlf.: 0036 1 780 8123<\/p>\n<p>Dansktalende kontaktperson:<\/p>\n<p><strong>Veronika Varga <\/strong><br \/>\nTlf.: 0036 20 960 8100<br \/>\nE-mail:\u00a0<a href=\"mailto:vv@skagerrak.hu\">vv@hungary4all.hu<\/a><\/p>\n<div style=\"padding-bottom:20px; padding-top:10px;\" class=\"hupso-share-buttons\"><!-- Hupso Share Buttons - http:\/\/www.hupso.com\/share\/ --><a class=\"hupso_counters\" href=\"http:\/\/www.hupso.com\/share\/\"><img src=\"http:\/\/static.hupso.com\/share\/buttons\/dot.png\" style=\"border:0px; padding-top:2px; float:left;\" alt=\"Share Button\"\/><\/a><script type=\"text\/javascript\">var hupso_services_c=new Array(\"twitter\",\"facebook_like\",\"google\");var hupso_counters_lang = \"en_US\";var hupso_image_folder_url = \"\";var hupso_url_c=\"\";var hupso_title_c=\"Kontakt \/ Om os\";<\/script><script type=\"text\/javascript\" src=\"http:\/\/static.hupso.com\/share\/js\/counters.js\"><\/script><!-- Hupso Share Buttons --><\/div>","protected":false},"excerpt":{"rendered":"<p>Hungary4All Aktiv oplevelsesferie &amp; faglige studieture Hungary4All arrangerer temature og studieture i hele Ungarn \u2013 b\u00e5de faglige studieture for alvor og ferieture kun for sjov. Alle vore ture er tilrettelagt s\u00e5dan at de er tilg\u00e6ngelige for alle \u2013 ogs\u00e5 for k\u00f8restolsbrugere. Vi har naturligvis bes\u00f8gt og testet samtlige af vore &#8230;<\/p>\n<div style=\"padding-bottom:20px; padding-top:10px;\" class=\"hupso-share-buttons\"><!-- Hupso Share Buttons - http:\/\/www.hupso.com\/share\/ --><a class=\"hupso_counters\" href=\"http:\/\/www.hupso.com\/share\/\"><img src=\"http:\/\/static.hupso.com\/share\/buttons\/dot.png\" style=\"border:0px; padding-top:2px; float:left;\" alt=\"Share Button\"\/><\/a><script type=\"text\/javascript\">var hupso_services_c=new Array(\"twitter\",\"facebook_like\",\"google\");var hupso_counters_lang = \"en_US\";var hupso_image_folder_url = \"\";var hupso_url_c=\"\";var hupso_title_c=\"Kontakt \/ Om os\";<\/script><script type=\"text\/javascript\" src=\"http:\/\/static.hupso.com\/share\/js\/counters.js\"><\/script><!-- Hupso Share Buttons --><\/div>","protected":false},"author":1,"featured_media":0,"parent":0,"menu_order":0,"comment_status":"closed","ping_status":"closed","template":"","meta":[],"aioseo_notices":[],"_links":{"self":[{"href":"http:\/\/www.hungary4all.com\/index.php?rest_route=\/wp\/v2\/pages\/1786"}],"collection":[{"href":"http:\/\/www.hungary4all.com\/index.php?rest_route=\/wp\/v2\/pages"}],"about":[{"href":"http:\/\/www.hungary4all.com\/index.php?rest_route=\/wp\/v2\/types\/page"}],"author":[{"embeddable":true,"href":"http:\/\/www.hungary4all.com\/index.php?rest_route=\/wp\/v2\/users\/1"}],"replies":[{"embeddable":true,"href":"http:\/\/www.hungary4all.com\/index.php?rest_route=%2Fwp%2Fv2%2Fcomments&post=1786"}],"version-history":[{"count":1,"href":"http:\/\/www.hungary4all.com\/index.php?rest_route=\/wp\/v2\/pages\/1786\/revisions"}],"predecessor-version":[{"id":1787,"href":"http:\/\/www.hungary4all.com\/index.php?rest_route=\/wp\/v2\/pages\/1786\/revisions\/1787"}],"wp:attachment":[{"href":"http:\/\/www.hungary4all.com\/index.php?rest_route=%2Fwp%2Fv2%2Fmedia&parent=1786"}],"curies":[{"name":"wp","href":"https:\/\/api.w.org\/{rel}","templated":true}]}}